{"id":3157,"date":"2018-03-31T22:52:24","date_gmt":"2018-03-31T22:52:24","guid":{"rendered":"https:\/\/www.hainburgin.at\/?page_id=3157"},"modified":"2023-08-29T12:35:36","modified_gmt":"2023-08-29T11:35:36","slug":"florbal","status":"publish","type":"page","link":"https:\/\/www.hainburgin.at\/sk\/","title":{"rendered":"Florbal"},"content":{"rendered":"\n<style type=\"text\/css\" data-created_by=\"avia_inline_auto\" id=\"style-css-av-tyy8c5-b909f030600b34930b6c604683c4b882\">\n.avia-section.av-tyy8c5-b909f030600b34930b6c604683c4b882 .av-parallax .av-parallax-inner{\nbackground-repeat:no-repeat;\nbackground-image:url(https:\/\/mlweun7hrkla.i.optimole.com\/CqG69Ok-Bu1qlYUj\/w:1500\/h:617\/q:auto\/https:\/\/www.hainburgin.at\/wp-content\/uploads\/2018\/04\/floorball1.jpg);\nbackground-position:50% 100%;\nbackground-attachment:scroll;\n}\n<\/style>\n<div id='av_section_1'  class='avia-section av-tyy8c5-b909f030600b34930b6c604683c4b882 main_color avia-section-default avia-no-shadow  avia-builder-el-0  el_before_av_one_half  avia-builder-el-first  av-parallax-section avia-bg-style-parallax container_wrap sidebar_right'  data-section-bg-repeat='no-repeat'><div class='av-parallax' data-avia-parallax-ratio='0.3' ><div class='av-parallax-inner main_color avia-full-stretch'><\/div><\/div><div class='container av-section-cont-open' ><main  role=\"main\" itemprop=\"mainContentOfPage\"  class='template-page content  av-content-small alpha units'><div class='post-entry post-entry-type-page post-entry-3157'><div class='entry-content-wrapper clearfix'><\/div><\/div><\/main><!-- close content main element --><\/div><\/div><div id='after_section_1'  class='main_color av_default_container_wrap container_wrap sidebar_right'  ><div class='container av-section-cont-open' ><div class='template-page content  av-content-small alpha units'><div class='post-entry post-entry-type-page post-entry-3157'><div class='entry-content-wrapper clearfix'>\n\n<style type=\"text\/css\" data-created_by=\"avia_inline_auto\" id=\"style-css-av-thcnp1-46ac9305667c1fd7858c8cbb44ccd9a8\">\n.flex_column.av-thcnp1-46ac9305667c1fd7858c8cbb44ccd9a8{\nborder-radius:0px 0px 0px 0px;\n-webkit-border-radius:0px 0px 0px 0px;\n-moz-border-radius:0px 0px 0px 0px;\n}\n<\/style>\n<div class='flex_column av-thcnp1-46ac9305667c1fd7858c8cbb44ccd9a8 av_one_half  avia-builder-el-1  el_after_av_section  el_before_av_one_half  avia-builder-el-first  first flex_column_div av-zero-column-padding '   ><section  class='av_textblock_section av-ronp3p-890af6d1cfd07a3ea45cd296bbaddec0'  itemscope=\"itemscope\" itemtype=\"https:\/\/schema.org\/CreativeWork\" ><div class='avia_textblock'  itemprop=\"text\" ><h3><strong>Prin\u00e1\u0161ame<\/strong><\/h3>\n<p><strong>do Hainburgu nov\u00fd kolekt\u00edvny \u0161port \u2013 florbal.<\/strong> Florbal je hokej s umelohmotnou hokejkou v \u0161portovej hale. Dynamick\u00fd \u0161port, ktor\u00fd podporuje s\u00fadr\u017enos\u0165 det\u00ed.<\/p>\n<h3><strong>\u010co pon\u00faka florbal:<\/strong><\/h3>\n<p>v\u00fdborn\u00fa n\u00e1ladu, ve\u013ea pohybu, ve\u013ea g\u00f3lov, v\u00fdbornych kamar\u00e1tov, ve\u013ek\u00fd potenci\u00e1l v Rak\u00fasku, v\u00fdborn\u00fa medzin\u00e1ron\u00fa spolupr\u00e1cu, bud\u00facnos\u0165 na letnej olympi\u00e1de.<\/p>\n<p><strong>Viac o florbale v Rak\u00fasku:<\/strong>\u00a0<a href=\"http:\/\/www.floorball.at\/\">www.floorball.at<\/a><\/p>\n<h3><strong>Info?<\/strong><\/h3>\n<p><strong>Tel.: <\/strong>+43\/(0)680 22 11 580 (deutsch, slowakisch, englisch)<br \/>\n<strong>E-Mail:<\/strong>\u00a0<a href=\"mailto:floorball@hainburgin.at\">floorball@hainburgin.at<\/a><br \/>\n<strong>Facebook: <\/strong><a href=\"https:\/\/www.facebook.com\/FloorballHainburg\/\" target=\"_blank\" rel=\"noopener\">@Floorball<strong>in<\/strong>Hainburg<\/a><\/p>\n<\/div><\/section><\/div>\n\n<style type=\"text\/css\" data-created_by=\"avia_inline_auto\" id=\"style-css-av-po18qd-ce0af95811d4dcc02c70112e8ccfa17e\">\n.flex_column.av-po18qd-ce0af95811d4dcc02c70112e8ccfa17e{\nborder-radius:0px 0px 0px 0px;\n-webkit-border-radius:0px 0px 0px 0px;\n-moz-border-radius:0px 0px 0px 0px;\n}\n<\/style>\n<div class='flex_column av-po18qd-ce0af95811d4dcc02c70112e8ccfa17e av_one_half  avia-builder-el-3  el_after_av_one_half  el_before_av_hr  flex_column_div av-zero-column-padding '   ><section  class='av_textblock_section av-njkbsl-70451ed8c8d67eb2422de3b6145e90cd'  itemscope=\"itemscope\" itemtype=\"https:\/\/schema.org\/CreativeWork\" ><div class='avia_textblock'  itemprop=\"text\" ><h3><strong>Kedy?<\/strong><\/h3>\n<p>Ka\u017ed\u00fd utorok*<br \/>\n&#8211;\u00a0<strong>od 17:00<\/strong>\u00a0(16:45 pri vchode) <strong>do 18:00<\/strong>\u00a0<span style=\"color: #ff0000;\">(ro\u010dn\u00edk 2013<\/span><span style=\"color: #ff0000;\"> a mlad\u0161\u00ed)<\/span> &#8211; pre \u017eiakov 1.-4. ro\u010dn\u00edkov<br \/>\n&#8211;\u00a0<strong>od 18:00<\/strong>\u00a0(17:45 pri vchode) <strong>do 19:30<\/strong>\u00a0<span style=\"color: #ff0000;\">(ro\u010dn\u00edk 2012 a star\u0161\u00ed)<\/span> &#8211; pre \u017eiakov NMS, Gymn\u00e1zia a in\u00fdch<br \/>\nKa\u017ed\u00fd \u0161tvrtok*<br \/>\n&#8211;\u00a0<strong>od 17:00<\/strong>\u00a0(16:45 pri vchode) <strong>do 18:00<\/strong>\u00a0<span style=\"color: #ff0000;\">(ro\u010dn\u00edk 2013 a mlad\u0161\u00ed)<\/span> &#8211; pre \u017eiakov 1.-4. ro\u010dn\u00edkov<br \/>\n&#8211;\u00a0<strong>od 18:00<\/strong>\u00a0(17:45 pri vchode) <strong>do 19:30<\/strong>\u00a0<span style=\"color: #ff0000;\">(ro\u010dn\u00edk 2013 a star\u0161\u00ed)<\/span> &#8211; pre \u017eiakov NMS, Gymn\u00e1zia a in\u00fdch<\/p>\n<p>*mimo <a href=\"http:\/\/www.nms-hainburg.at\/index.php\/aktuelles\/ferientermine\" target=\"_blank\" rel=\"noopener\">pr\u00e1zdnin, sviatkov a \u0161kolsk\u00fdch vo\u013en\u00fdch dn\u00ed<\/a><\/p>\n<h3><strong>Kde?\u00a0<\/strong><\/h3>\n<p>\u0160portov\u00e1 hala Toniho Fritscha<br \/>\ngro\u00dfer Sportsaal der Neuen Mittelschule Hainburg a. d. Donau<br \/>\nBabenbergerstra\u00dfe 27<img decoding=async  class=\"size-medium wp-image-4209 alignright\" src=\"https:\/\/mlweun7hrkla.i.optimole.com\/CqG69Ok-RRuh_OOW\/w:300\/h:286\/q:auto\/https:\/\/www.hainburgin.at\/wp-content\/uploads\/2018\/06\/Hainburger_LÖWN_Logo.png\" alt=\"\" width=\"300\" height=\"286\" \/><br \/>\n2410 Hainburg an der Donau<br \/>\nPr\u00edstup z bo\u010dn\u00e9ho vchodu na Freiungstra\u00dfe<\/p>\n<h3><strong>Kto?<\/strong><\/h3>\n<p>\u017diaci \u013eudovej \u0161koly, NMS, Gymn\u00e1zia, inej strednej \u0161koly<\/p>\n<\/div><\/section><\/div><div  class='hr av-26s579-38e3cacbcb7a309bdd63038c6a8c4ad9 hr-default  avia-builder-el-5  el_after_av_one_half  el_before_av_textblock '><span class='hr-inner '><span class=\"hr-inner-style\"><\/span><\/span><\/div><\/p>\n<section  class='av_textblock_section av-k4jbcl-296d2d20d59683057b95f121dc0c47b2'  itemscope=\"itemscope\" itemtype=\"https:\/\/schema.org\/CreativeWork\" ><div class='avia_textblock'  itemprop=\"text\" ><p><strong>POZOR!<\/strong> Ka\u017ed\u00fa stredu ve\u010der (20:00-21:30) bude florbal pre dospel\u00fdch vo ve\u013ekej \u0161portovej hale.<\/p>\n<p><strong>Na\u0161a str\u00e1nka:\u00a0<\/strong><a href=\"https:\/\/hainburgin.at\/floorball\/\">https:\/\/hainburgin.at\/florbal\/<\/a><\/p>\n<\/div><\/section>\n<\/div><\/div><\/div><!-- close content main div --><\/div><\/div><div id='av_section_2'  class='avia-section av-3n32p1-0d6c8c32d99d31634fe8e11ec96fa771 main_color avia-section-default avia-no-shadow  avia-builder-el-7  el_after_av_textblock  avia-builder-el-last  avia-bg-style-scroll container_wrap sidebar_right'  ><div class='container av-section-cont-open' ><div class='template-page content  av-content-small alpha units'><div class='post-entry post-entry-type-page post-entry-3157'><div class='entry-content-wrapper clearfix'>\n<div id='av-masonry-1' class='av-masonry av-2y9ihh-458b6de7d0d5d6cf08e1415ad5da3542 noHover av-fixed-size av-1px-gap av-hover-overlay-active av-masonry-animation-active av-masonry-col-4 av-caption-always av-caption-style- av-masonry-gallery '><div class=\"av-masonry-container isotope av-js-disabled\"><div class='av-masonry-entry isotope-item av-masonry-item-no-image '><\/div><a href=\"https:\/\/mlweun7hrkla.i.optimole.com\/CqG69Ok-1vN4Ac2y\/w:1030\/h:773\/q:auto\/https:\/\/www.hainburgin.at\/wp-content\/uploads\/2018\/09\/20180419_182327.jpg\"  aria-label=\"image 20180419_182327.jpg\"  id='av-masonry-1-item-5106' data-av-masonry-item='5106' class='av-masonry-entry isotope-item post-5106 attachment type-attachment status-inherit hentry  av-masonry-item-with-image av-grid-img' title=\"20180419_182327.jpg\" alt=\"\"   itemprop=\"thumbnailUrl\" ><div class='av-inner-masonry-sizer'><\/div><figure class='av-inner-masonry main_color'><div class=\"av-masonry-outerimage-container\"><div class='av-masonry-image-container' style=\"background-image: url(https:\/\/mlweun7hrkla.i.optimole.com\/CqG69Ok-1vN4Ac2y\/w:705\/h:529\/q:auto\/https:\/\/www.hainburgin.at\/wp-content\/uploads\/2018\/09\/20180419_182327.jpg);\"  title=\"20180419_182327.jpg\"  ><\/div><\/div><\/figure><\/a><!--end av-masonry entry--><a href=\"https:\/\/mlweun7hrkla.i.optimole.com\/CqG69Ok-AthlYxzt\/w:1030\/h:773\/q:auto\/https:\/\/www.hainburgin.at\/wp-content\/uploads\/2018\/09\/20180419_182201.jpg\"  aria-label=\"image 20180419_182201.jpg\"  id='av-masonry-1-item-5114' data-av-masonry-item='5114' class='av-masonry-entry isotope-item post-5114 attachment type-attachment status-inherit hentry  av-masonry-item-with-image av-grid-img' title=\"20180419_182201.jpg\" alt=\"\"   itemprop=\"thumbnailUrl\" ><div class='av-inner-masonry-sizer'><\/div><figure class='av-inner-masonry main_color'><div class=\"av-masonry-outerimage-container\"><div class='av-masonry-image-container' style=\"background-image: url(https:\/\/mlweun7hrkla.i.optimole.com\/CqG69Ok-AthlYxzt\/w:705\/h:529\/q:auto\/https:\/\/www.hainburgin.at\/wp-content\/uploads\/2018\/09\/20180419_182201.jpg);\"  title=\"20180419_182201.jpg\"  ><\/div><\/div><\/figure><\/a><!--end av-masonry entry--><a href=\"https:\/\/mlweun7hrkla.i.optimole.com\/CqG69Ok-AsAc9_qU\/w:1030\/h:773\/q:auto\/https:\/\/www.hainburgin.at\/wp-content\/uploads\/2018\/09\/20180419_182326.jpg\"  aria-label=\"image 20180419_182326.jpg\"  id='av-masonry-1-item-5130' data-av-masonry-item='5130' class='av-masonry-entry isotope-item post-5130 attachment type-attachment status-inherit hentry  av-masonry-item-with-image av-grid-img' title=\"20180419_182326.jpg\" alt=\"\"   itemprop=\"thumbnailUrl\" ><div class='av-inner-masonry-sizer'><\/div><figure class='av-inner-masonry main_color'><div class=\"av-masonry-outerimage-container\"><div class='av-masonry-image-container' style=\"background-image: url(https:\/\/mlweun7hrkla.i.optimole.com\/CqG69Ok-AsAc9_qU\/w:705\/h:529\/q:auto\/https:\/\/www.hainburgin.at\/wp-content\/uploads\/2018\/09\/20180419_182326.jpg);\"  title=\"20180419_182326.jpg\"  ><\/div><\/div><\/figure><\/a><!--end av-masonry entry--><a href=\"https:\/\/mlweun7hrkla.i.optimole.com\/CqG69Ok-jqU_O41m\/w:1030\/h:773\/q:auto\/https:\/\/www.hainburgin.at\/wp-content\/uploads\/2018\/09\/20180419_182152.jpg\"  aria-label=\"image 20180419_182152.jpg\"  id='av-masonry-1-item-5104' data-av-masonry-item='5104' class='av-masonry-entry isotope-item post-5104 attachment type-attachment status-inherit hentry  av-masonry-item-with-image av-grid-img' title=\"20180419_182152.jpg\" alt=\"\"   itemprop=\"thumbnailUrl\" ><div class='av-inner-masonry-sizer'><\/div><figure class='av-inner-masonry main_color'><div class=\"av-masonry-outerimage-container\"><div class='av-masonry-image-container' style=\"background-image: url(https:\/\/mlweun7hrkla.i.optimole.com\/CqG69Ok-jqU_O41m\/w:705\/h:529\/q:auto\/https:\/\/www.hainburgin.at\/wp-content\/uploads\/2018\/09\/20180419_182152.jpg);\"  title=\"20180419_182152.jpg\"  ><\/div><\/div><\/figure><\/a><!--end av-masonry entry--><a href=\"https:\/\/mlweun7hrkla.i.optimole.com\/CqG69Ok--KHwfZTe\/w:1030\/h:773\/q:auto\/https:\/\/www.hainburgin.at\/wp-content\/uploads\/2018\/09\/20180429_145033.jpg\"  aria-label=\"image 20180429_145033.jpg\"  id='av-masonry-1-item-5134' data-av-masonry-item='5134' class='av-masonry-entry isotope-item post-5134 attachment type-attachment status-inherit hentry  av-masonry-item-with-image av-grid-img' title=\"20180429_145033.jpg\" alt=\"\"   itemprop=\"thumbnailUrl\" ><div class='av-inner-masonry-sizer'><\/div><figure class='av-inner-masonry main_color'><div class=\"av-masonry-outerimage-container\"><div class='av-masonry-image-container' style=\"background-image: url(https:\/\/mlweun7hrkla.i.optimole.com\/CqG69Ok--KHwfZTe\/w:705\/h:529\/q:auto\/https:\/\/www.hainburgin.at\/wp-content\/uploads\/2018\/09\/20180429_145033.jpg);\"  title=\"20180429_145033.jpg\"  ><\/div><\/div><\/figure><\/a><!--end av-masonry entry--><a href=\"https:\/\/mlweun7hrkla.i.optimole.com\/CqG69Ok-nVbxHRYJ\/w:1030\/h:773\/q:auto\/https:\/\/www.hainburgin.at\/wp-content\/uploads\/2018\/09\/20180429_112804.jpg\"  aria-label=\"image 20180429_112804.jpg\"  id='av-masonry-1-item-5132' data-av-masonry-item='5132' class='av-masonry-entry isotope-item post-5132 attachment type-attachment status-inherit hentry  av-masonry-item-with-image av-grid-img' title=\"20180429_112804.jpg\" alt=\"\"   itemprop=\"thumbnailUrl\" ><div class='av-inner-masonry-sizer'><\/div><figure class='av-inner-masonry main_color'><div class=\"av-masonry-outerimage-container\"><div class='av-masonry-image-container' style=\"background-image: url(https:\/\/mlweun7hrkla.i.optimole.com\/CqG69Ok-nVbxHRYJ\/w:705\/h:529\/q:auto\/https:\/\/www.hainburgin.at\/wp-content\/uploads\/2018\/09\/20180429_112804.jpg);\"  title=\"20180429_112804.jpg\"  ><\/div><\/div><\/figure><\/a><!--end av-masonry entry--><a href=\"https:\/\/mlweun7hrkla.i.optimole.com\/CqG69Ok-hxfJYU19\/w:1030\/h:773\/q:auto\/https:\/\/www.hainburgin.at\/wp-content\/uploads\/2018\/09\/20180628_1702410.jpg\"  aria-label=\"image 20180628_1702410.jpg\"  id='av-masonry-1-item-5154' data-av-masonry-item='5154' class='av-masonry-entry isotope-item post-5154 attachment type-attachment status-inherit hentry  av-masonry-item-with-image av-grid-img' title=\"20180628_1702410.jpg\" alt=\"\"   itemprop=\"thumbnailUrl\" ><div class='av-inner-masonry-sizer'><\/div><figure class='av-inner-masonry main_color'><div class=\"av-masonry-outerimage-container\"><div class='av-masonry-image-container' style=\"background-image: url(https:\/\/mlweun7hrkla.i.optimole.com\/CqG69Ok-hxfJYU19\/w:705\/h:529\/q:auto\/https:\/\/www.hainburgin.at\/wp-content\/uploads\/2018\/09\/20180628_1702410.jpg);\"  title=\"20180628_1702410.jpg\"  ><\/div><\/div><\/figure><\/a><!--end av-masonry entry--><a href=\"https:\/\/mlweun7hrkla.i.optimole.com\/CqG69Ok-DOz48WdB\/w:1030\/h:773\/q:auto\/https:\/\/www.hainburgin.at\/wp-content\/uploads\/2018\/09\/20180524_170652.jpg\"  aria-label=\"image 20180524_170652.jpg\"  id='av-masonry-1-item-5152' data-av-masonry-item='5152' class='av-masonry-entry isotope-item post-5152 attachment type-attachment status-inherit hentry  av-masonry-item-with-image av-grid-img' title=\"20180524_170652.jpg\" alt=\"\"   itemprop=\"thumbnailUrl\" ><div class='av-inner-masonry-sizer'><\/div><figure class='av-inner-masonry main_color'><div class=\"av-masonry-outerimage-container\"><div class='av-masonry-image-container' style=\"background-image: url(https:\/\/mlweun7hrkla.i.optimole.com\/CqG69Ok-DOz48WdB\/w:705\/h:529\/q:auto\/https:\/\/www.hainburgin.at\/wp-content\/uploads\/2018\/09\/20180524_170652.jpg);\"  title=\"20180524_170652.jpg\"  ><\/div><\/div><\/figure><\/a><!--end av-masonry entry--><a href=\"https:\/\/mlweun7hrkla.i.optimole.com\/CqG69Ok-Hn61_RQg\/w:1030\/h:773\/q:auto\/https:\/\/www.hainburgin.at\/wp-content\/uploads\/2018\/09\/20171221_171913.jpg\"  aria-label=\"image 20171221_171913.jpg\"  id='av-masonry-1-item-5112' data-av-masonry-item='5112' class='av-masonry-entry isotope-item post-5112 attachment type-attachment status-inherit hentry  av-masonry-item-with-image av-grid-img' title=\"20171221_171913.jpg\" alt=\"\"   itemprop=\"thumbnailUrl\" ><div class='av-inner-masonry-sizer'><\/div><figure class='av-inner-masonry main_color'><div class=\"av-masonry-outerimage-container\"><div class='av-masonry-image-container' style=\"background-image: url(https:\/\/mlweun7hrkla.i.optimole.com\/CqG69Ok-Hn61_RQg\/w:705\/h:529\/q:auto\/https:\/\/www.hainburgin.at\/wp-content\/uploads\/2018\/09\/20171221_171913.jpg);\"  title=\"20171221_171913.jpg\"  ><\/div><\/div><\/figure><\/a><!--end av-masonry entry--><a href=\"https:\/\/mlweun7hrkla.i.optimole.com\/CqG69Ok-37LGZwGL\/w:1030\/h:773\/q:auto\/https:\/\/www.hainburgin.at\/wp-content\/uploads\/2018\/09\/20180628_170346.jpg\"  aria-label=\"image 20180628_170346.jpg\"  id='av-masonry-1-item-5146' data-av-masonry-item='5146' class='av-masonry-entry isotope-item post-5146 attachment type-attachment status-inherit hentry  av-masonry-item-with-image av-grid-img' title=\"20180628_170346.jpg\" alt=\"\"   itemprop=\"thumbnailUrl\" ><div class='av-inner-masonry-sizer'><\/div><figure class='av-inner-masonry main_color'><div class=\"av-masonry-outerimage-container\"><div class='av-masonry-image-container' style=\"background-image: url(https:\/\/mlweun7hrkla.i.optimole.com\/CqG69Ok-37LGZwGL\/w:705\/h:529\/q:auto\/https:\/\/www.hainburgin.at\/wp-content\/uploads\/2018\/09\/20180628_170346.jpg);\"  title=\"20180628_170346.jpg\"  ><\/div><\/div><\/figure><\/a><!--end av-masonry entry--><a href=\"https:\/\/mlweun7hrkla.i.optimole.com\/CqG69Ok-BgxSiLM8\/w:1030\/h:773\/q:auto\/https:\/\/www.hainburgin.at\/wp-content\/uploads\/2018\/09\/20180419_182317.jpg\"  aria-label=\"image 20180419_182317.jpg\"  id='av-masonry-1-item-5138' data-av-masonry-item='5138' class='av-masonry-entry isotope-item post-5138 attachment type-attachment status-inherit hentry  av-masonry-item-with-image av-grid-img' title=\"20180419_182317.jpg\" alt=\"\"   itemprop=\"thumbnailUrl\" ><div class='av-inner-masonry-sizer'><\/div><figure class='av-inner-masonry main_color'><div class=\"av-masonry-outerimage-container\"><div class='av-masonry-image-container' style=\"background-image: url(https:\/\/mlweun7hrkla.i.optimole.com\/CqG69Ok-BgxSiLM8\/w:705\/h:529\/q:auto\/https:\/\/www.hainburgin.at\/wp-content\/uploads\/2018\/09\/20180419_182317.jpg);\"  title=\"20180419_182317.jpg\"  ><\/div><\/div><\/figure><\/a><!--end av-masonry entry--><a href=\"https:\/\/mlweun7hrkla.i.optimole.com\/CqG69Ok-Jofv7P8N\/w:1030\/h:773\/q:auto\/https:\/\/www.hainburgin.at\/wp-content\/uploads\/2018\/04\/IMG_4580.jpg\"  aria-label=\"image IMG_4580\"  id='av-masonry-1-item-3181' data-av-masonry-item='3181' class='av-masonry-entry isotope-item post-3181 attachment type-attachment status-inherit hentry  av-masonry-item-with-image av-grid-img' title=\"IMG_4580\" alt=\"\"   itemprop=\"thumbnailUrl\" ><div class='av-inner-masonry-sizer'><\/div><figure class='av-inner-masonry main_color'><div class=\"av-masonry-outerimage-container\"><div class='av-masonry-image-container' style=\"background-image: url(https:\/\/mlweun7hrkla.i.optimole.com\/CqG69Ok-Jofv7P8N\/w:705\/h:529\/q:auto\/https:\/\/www.hainburgin.at\/wp-content\/uploads\/2018\/04\/IMG_4580.jpg);\"  title=\"IMG_4580\"  ><\/div><\/div><\/figure><\/a><!--end av-masonry entry--><a href=\"https:\/\/mlweun7hrkla.i.optimole.com\/CqG69Ok-4RZs0rHL\/w:1030\/h:773\/q:auto\/https:\/\/www.hainburgin.at\/wp-content\/uploads\/2018\/04\/IMG_4577.jpg\"  aria-label=\"image IMG_4577\"  id='av-masonry-1-item-3179' data-av-masonry-item='3179' class='av-masonry-entry isotope-item post-3179 attachment type-attachment status-inherit hentry  av-masonry-item-with-image av-grid-img' title=\"IMG_4577\" alt=\"\"   itemprop=\"thumbnailUrl\" ><div class='av-inner-masonry-sizer'><\/div><figure class='av-inner-masonry main_color'><div class=\"av-masonry-outerimage-container\"><div class='av-masonry-image-container' style=\"background-image: url(https:\/\/mlweun7hrkla.i.optimole.com\/CqG69Ok-4RZs0rHL\/w:705\/h:529\/q:auto\/https:\/\/www.hainburgin.at\/wp-content\/uploads\/2018\/04\/IMG_4577.jpg);\"  title=\"IMG_4577\"  ><\/div><\/div><\/figure><\/a><!--end av-masonry entry--><a href=\"https:\/\/mlweun7hrkla.i.optimole.com\/CqG69Ok-bcajcBrq\/w:1030\/h:773\/q:auto\/https:\/\/www.hainburgin.at\/wp-content\/uploads\/2018\/04\/IMG_4578.jpg\"  aria-label=\"image IMG_4578\"  id='av-masonry-1-item-3180' data-av-masonry-item='3180' class='av-masonry-entry isotope-item post-3180 attachment type-attachment status-inherit hentry  av-masonry-item-with-image av-grid-img' title=\"IMG_4578\" alt=\"\"   itemprop=\"thumbnailUrl\" ><div class='av-inner-masonry-sizer'><\/div><figure class='av-inner-masonry main_color'><div class=\"av-masonry-outerimage-container\"><div class='av-masonry-image-container' style=\"background-image: url(https:\/\/mlweun7hrkla.i.optimole.com\/CqG69Ok-bcajcBrq\/w:705\/h:529\/q:auto\/https:\/\/www.hainburgin.at\/wp-content\/uploads\/2018\/04\/IMG_4578.jpg);\"  title=\"IMG_4578\"  ><\/div><\/div><\/figure><\/a><!--end av-masonry entry--><a href=\"https:\/\/mlweun7hrkla.i.optimole.com\/CqG69Ok-PuuGme05\/w:1030\/h:773\/q:auto\/https:\/\/www.hainburgin.at\/wp-content\/uploads\/2018\/04\/IMG_4576.jpg\"  aria-label=\"image IMG_4576\"  id='av-masonry-1-item-3178' data-av-masonry-item='3178' class='av-masonry-entry isotope-item post-3178 attachment type-attachment status-inherit hentry  av-masonry-item-with-image av-grid-img' title=\"IMG_4576\" alt=\"\"   itemprop=\"thumbnailUrl\" ><div class='av-inner-masonry-sizer'><\/div><figure class='av-inner-masonry main_color'><div class=\"av-masonry-outerimage-container\"><div class='av-masonry-image-container' style=\"background-image: url(https:\/\/mlweun7hrkla.i.optimole.com\/CqG69Ok-PuuGme05\/w:705\/h:529\/q:auto\/https:\/\/www.hainburgin.at\/wp-content\/uploads\/2018\/04\/IMG_4576.jpg);\"  title=\"IMG_4576\"  ><\/div><\/div><\/figure><\/a><!--end av-masonry entry--><a href=\"https:\/\/mlweun7hrkla.i.optimole.com\/CqG69Ok-J9R4FUcq\/w:1030\/h:773\/q:auto\/https:\/\/www.hainburgin.at\/wp-content\/uploads\/2018\/04\/IMG_4571.jpg\"  aria-label=\"image IMG_4571\"  id='av-masonry-1-item-3174' data-av-masonry-item='3174' class='av-masonry-entry isotope-item post-3174 attachment type-attachment status-inherit hentry  av-masonry-item-with-image av-grid-img' title=\"IMG_4571\" alt=\"\"   itemprop=\"thumbnailUrl\" ><div class='av-inner-masonry-sizer'><\/div><figure class='av-inner-masonry main_color'><div class=\"av-masonry-outerimage-container\"><div class='av-masonry-image-container' style=\"background-image: url(https:\/\/mlweun7hrkla.i.optimole.com\/CqG69Ok-J9R4FUcq\/w:705\/h:529\/q:auto\/https:\/\/www.hainburgin.at\/wp-content\/uploads\/2018\/04\/IMG_4571.jpg);\"  title=\"IMG_4571\"  ><\/div><\/div><\/figure><\/a><!--end av-masonry entry--><a href=\"https:\/\/mlweun7hrkla.i.optimole.com\/CqG69Ok-LNH-T_Db\/w:1030\/h:773\/q:auto\/https:\/\/www.hainburgin.at\/wp-content\/uploads\/2018\/04\/IMG_4572.jpg\"  aria-label=\"image IMG_4572\"  id='av-masonry-1-item-3175' data-av-masonry-item='3175' class='av-masonry-entry isotope-item post-3175 attachment type-attachment status-inherit hentry  av-masonry-item-with-image av-grid-img' title=\"IMG_4572\" alt=\"\"   itemprop=\"thumbnailUrl\" ><div class='av-inner-masonry-sizer'><\/div><figure class='av-inner-masonry main_color'><div class=\"av-masonry-outerimage-container\"><div class='av-masonry-image-container' style=\"background-image: url(https:\/\/mlweun7hrkla.i.optimole.com\/CqG69Ok-LNH-T_Db\/w:705\/h:529\/q:auto\/https:\/\/www.hainburgin.at\/wp-content\/uploads\/2018\/04\/IMG_4572.jpg);\"  title=\"IMG_4572\"  ><\/div><\/div><\/figure><\/a><!--end av-masonry entry--><a href=\"https:\/\/mlweun7hrkla.i.optimole.com\/CqG69Ok-9AE-tNSD\/w:1030\/h:773\/q:auto\/https:\/\/www.hainburgin.at\/wp-content\/uploads\/2018\/04\/IMG_4573.jpg\"  aria-label=\"image IMG_4573\"  id='av-masonry-1-item-3176' data-av-masonry-item='3176' class='av-masonry-entry isotope-item post-3176 attachment type-attachment status-inherit hentry  av-masonry-item-with-image av-grid-img' title=\"IMG_4573\" alt=\"\"   itemprop=\"thumbnailUrl\" ><div class='av-inner-masonry-sizer'><\/div><figure class='av-inner-masonry main_color'><div class=\"av-masonry-outerimage-container\"><div class='av-masonry-image-container' style=\"background-image: url(https:\/\/mlweun7hrkla.i.optimole.com\/CqG69Ok-9AE-tNSD\/w:705\/h:529\/q:auto\/https:\/\/www.hainburgin.at\/wp-content\/uploads\/2018\/04\/IMG_4573.jpg);\"  title=\"IMG_4573\"  ><\/div><\/div><\/figure><\/a><!--end av-masonry entry--><a href=\"https:\/\/mlweun7hrkla.i.optimole.com\/CqG69Ok-IIXjewqX\/w:1030\/h:773\/q:auto\/https:\/\/www.hainburgin.at\/wp-content\/uploads\/2018\/04\/IMG_4574.jpg\"  aria-label=\"image IMG_4574\"  id='av-masonry-1-item-3177' data-av-masonry-item='3177' class='av-masonry-entry isotope-item post-3177 attachment type-attachment status-inherit hentry  av-masonry-item-with-image av-grid-img' title=\"IMG_4574\" alt=\"\"   itemprop=\"thumbnailUrl\" ><div class='av-inner-masonry-sizer'><\/div><figure class='av-inner-masonry main_color'><div class=\"av-masonry-outerimage-container\"><div class='av-masonry-image-container' style=\"background-image: url(https:\/\/mlweun7hrkla.i.optimole.com\/CqG69Ok-IIXjewqX\/w:705\/h:529\/q:auto\/https:\/\/www.hainburgin.at\/wp-content\/uploads\/2018\/04\/IMG_4574.jpg);\"  title=\"IMG_4574\"  ><\/div><\/div><\/figure><\/a><!--end av-masonry entry--><\/div><\/div>\n<\/div><\/div><\/div><!-- close content main div --><\/div><\/div><div id='after_section_2'  class='main_color av_default_container_wrap container_wrap sidebar_right'  ><div class='container av-section-cont-open' ><div class='template-page content  av-content-small alpha units'><div class='post-entry post-entry-type-page post-entry-3157'><div class='entry-content-wrapper clearfix'>\n","protected":false},"excerpt":{"rendered":"","protected":false},"author":1,"featured_media":0,"parent":0,"menu_order":0,"comment_status":"closed","ping_status":"closed","template":"","meta":[],"_links":{"self":[{"href":"https:\/\/www.hainburgin.at\/sk\/wp-json\/wp\/v2\/pages\/3157"}],"collection":[{"href":"https:\/\/www.hainburgin.at\/sk\/wp-json\/wp\/v2\/pages"}],"about":[{"href":"https:\/\/www.hainburgin.at\/sk\/wp-json\/wp\/v2\/types\/page"}],"author":[{"embeddable":true,"href":"https:\/\/www.hainburgin.at\/sk\/wp-json\/wp\/v2\/users\/1"}],"replies":[{"embeddable":true,"href":"https:\/\/www.hainburgin.at\/sk\/wp-json\/wp\/v2\/comments?post=3157"}],"version-history":[{"count":53,"href":"https:\/\/www.hainburgin.at\/sk\/wp-json\/wp\/v2\/pages\/3157\/revisions"}],"predecessor-version":[{"id":7666,"href":"https:\/\/www.hainburgin.at\/sk\/wp-json\/wp\/v2\/pages\/3157\/revisions\/7666"}],"wp:attachment":[{"href":"https:\/\/www.hainburgin.at\/sk\/wp-json\/wp\/v2\/media?parent=3157"}],"curies":[{"name":"wp","href":"https:\/\/api.w.org\/{rel}","templated":true}]}}