{"id":626,"date":"2017-02-02T14:26:58","date_gmt":"2017-02-02T14:26:58","guid":{"rendered":"http:\/\/test.kriesi.at\/enfold-2017\/?page_id=626"},"modified":"2023-01-30T18:29:10","modified_gmt":"2023-01-30T17:29:10","slug":"o-nas","status":"publish","type":"page","link":"https:\/\/www.hainburgin.at\/sk\/o-nas\/","title":{"rendered":"6. O n\u00e1s"},"content":{"rendered":"<div id='av_section_1'  class='avia-section av-524ymy-70b8b6ea990c1d46ffc2c84a7c20df9b main_color avia-section-large avia-no-border-styling  avia-builder-el-0  el_before_av_section  avia-builder-el-first  avia-bg-style-scroll container_wrap sidebar_right'  ><div class='container av-section-cont-open' ><main  role=\"main\" itemprop=\"mainContentOfPage\"  class='template-page content  av-content-small alpha units'><div class='post-entry post-entry-type-page post-entry-626'><div class='entry-content-wrapper clearfix'>\n\n<style type=\"text\/css\" data-created_by=\"avia_inline_auto\" id=\"style-css-av-4ygws2-fc3b6d60f91ed7fa594faa53ce92918c\">\n#top .av-special-heading.av-4ygws2-fc3b6d60f91ed7fa594faa53ce92918c{\npadding-bottom:20px;\nfont-size:40px;\n}\nbody .av-special-heading.av-4ygws2-fc3b6d60f91ed7fa594faa53ce92918c .av-special-heading-tag .heading-char{\nfont-size:25px;\n}\n#top #wrap_all .av-special-heading.av-4ygws2-fc3b6d60f91ed7fa594faa53ce92918c .av-special-heading-tag{\nfont-size:40px;\n}\n.av-special-heading.av-4ygws2-fc3b6d60f91ed7fa594faa53ce92918c .av-subheading{\nfont-size:15px;\n}\n<\/style>\n<div  class='av-special-heading av-4ygws2-fc3b6d60f91ed7fa594faa53ce92918c av-special-heading-h2 blockquote modern-quote  avia-builder-el-1  el_before_av_hr  avia-builder-el-first  av-inherit-size'><h2 class='av-special-heading-tag'  itemprop=\"headline\"  >O n\u00e1s<\/h2><div class=\"special-heading-border\"><div class=\"special-heading-inner-border\"><\/div><\/div><\/div>\n\n<style type=\"text\/css\" data-created_by=\"avia_inline_auto\" id=\"style-css-av-guvpe-dcbf2c90b67a361a9a527f21f3e1a00d\">\n#top .hr.av-guvpe-dcbf2c90b67a361a9a527f21f3e1a00d{\nmargin-top:10px;\nmargin-bottom:10px;\n}\n.hr.av-guvpe-dcbf2c90b67a361a9a527f21f3e1a00d .hr-inner{\nwidth:50px;\nborder-color:#000000;\n}\n<\/style>\n<div  class='hr av-guvpe-dcbf2c90b67a361a9a527f21f3e1a00d hr-custom  avia-builder-el-2  el_after_av_heading  el_before_av_one_half  hr-left hr-icon-no'><span class='hr-inner inner-border-av-border-fat'><span class=\"hr-inner-style\"><\/span><\/span><\/div>\n\n<style type=\"text\/css\" data-created_by=\"avia_inline_auto\" id=\"style-css-av-4k465m-5ca06fbfe3dc9c74b244d6899ac81778\">\n.flex_column.av-4k465m-5ca06fbfe3dc9c74b244d6899ac81778{\nborder-radius:0px 0px 0px 0px;\n-webkit-border-radius:0px 0px 0px 0px;\n-moz-border-radius:0px 0px 0px 0px;\n}\n<\/style>\n<div class='flex_column av-4k465m-5ca06fbfe3dc9c74b244d6899ac81778 av_one_half  avia-builder-el-3  el_after_av_hr  el_before_av_one_half  first flex_column_div av-zero-column-padding '   ><section  class='av_textblock_section av-4dtfci-dfde180f298b659749c9c74b1c2f29f9'  itemscope=\"itemscope\" itemtype=\"https:\/\/schema.org\/CreativeWork\" ><div class='avia_textblock'  itemprop=\"text\" ><p>Zdru\u017eenie In\u0161tit\u00fat pre integr\u00e1ciu a\u00a0jazyk Hainburg m\u00e1 za cie\u013e jazykov\u00fa, spolo\u010densk\u00fa, kult\u00farnu a \u0161portov\u00fa integr\u00e1ciu n\u00e1rodnostn\u00fdch men\u0161\u00edn v Rak\u00fasku, z\u00edskanie lep\u0161ieho povedomia o Rak\u00fasku, jeho hist\u00f3ri\u00ed, kult\u00fare a \u010do najlep\u0161ieho uplatnenia sa v spolo\u010dnosti.<\/p>\n<p>K\u013e\u00fa\u010dom k integr\u00e1ci\u00ed je v\u00fdu\u010dba a zvy\u0161ovanie jazykov\u00fdch zru\u010dnost\u00ed nemeck\u00e9ho jazyka. Takisto m\u00e1 k integr\u00e1ci\u00ed pom\u00f4c\u0165 aj v\u00fduka \u010fal\u0161\u00edch cudz\u00edch jazykov pre v\u0161etky vekov\u00e9 kateg\u00f3rie a na v\u0161etk\u00fdch jazykov\u00fdch \u00farovniach.<\/p>\n<\/div><\/section><\/div>\n<style type=\"text\/css\" data-created_by=\"avia_inline_auto\" id=\"style-css-av-46ie7m-34e3a22d6bf1bac9ec8c32ca247c1bbc\">\n.flex_column.av-46ie7m-34e3a22d6bf1bac9ec8c32ca247c1bbc{\nborder-radius:0px 0px 0px 0px;\n-webkit-border-radius:0px 0px 0px 0px;\n-moz-border-radius:0px 0px 0px 0px;\n}\n<\/style>\n<div class='flex_column av-46ie7m-34e3a22d6bf1bac9ec8c32ca247c1bbc av_one_half  avia-builder-el-5  el_after_av_one_half  avia-builder-el-last  flex_column_div av-zero-column-padding '   ><section  class='av_textblock_section av-40vzy2-9dab863351c33b8cedd314c99f3a490a'  itemscope=\"itemscope\" itemtype=\"https:\/\/schema.org\/CreativeWork\" ><div class='avia_textblock'  itemprop=\"text\" ><p>Cie\u013eom je v\u00fdchova a \u010fal\u0161ie vzdel\u00e1vanie det\u00ed, ml\u00e1de\u017ee, dospel\u00fdch ako aj seniorov, ich sprev\u00e1dzanie k sebarozvoju a spolo\u010denskej zodpovednosti.<\/p>\n<p>\u010eal\u0161\u00edm cie\u013eom je podpora zdrav\u00e9ho v\u00fdvoja det\u00ed a ml\u00e1de\u017ee, tvorba vo\u013eno\u010dasov\u00fdch aktiv\u00edt, vedenie kr\u00fa\u017ekov ako i zabezpe\u010denie aktiv\u00edt v r\u00e1mci environment\u00e1lnej v\u00fdchovy, ochrany \u017eivotn\u00e9ho prostredia, podpora vyu\u017eitia modern\u00fdch a ekologick\u00fdch technol\u00f3gii a rozvoja zru\u010dnosti pr\u00e1ce s nimi.<\/p>\n<p>Zdrav\u00fd \u017eivotn\u00fd \u0161t\u00fdl bude podporen\u00fd rozvojom \u0161portov\u00fdch aktiv\u00edt a talentu v individu\u00e1lnych a kolekt\u00edvnych \u0161portoch pre deti, ml\u00e1de\u017e, dospel\u00fdch, a seniorov.<\/p>\n<\/div><\/section><\/div>\n\n<\/div><\/div><\/main><!-- close content main element --><\/div><\/div>\n<style type=\"text\/css\" data-created_by=\"avia_inline_auto\" id=\"style-css-av-3wlxne-4e88161d6927533a21f88d6a127981ba\">\n.avia-section.av-3wlxne-4e88161d6927533a21f88d6a127981ba .av-extra-border-element .av-extra-border-inner{\nbackground-color:#ffffff;\n}\n<\/style>\n<div id='kde_sme'  class='avia-section av-3wlxne-4e88161d6927533a21f88d6a127981ba main_color avia-section-default avia-no-border-styling  avia-builder-el-7  el_after_av_section  el_before_av_section  avia-bg-style-scroll av-arrow-down-section container_wrap sidebar_right'  ><div class=\"av-section-color-overlay-wrap\"><a href='#next-section' title='' class='scroll-down-link ' aria-hidden='true' data-av_icon='\ue877' data-av_iconfont='entypo-fontello'><\/a><div class='container av-section-cont-open' ><div class='template-page content  av-content-small alpha units'><div class='post-entry post-entry-type-page post-entry-626'><div class='entry-content-wrapper clearfix'>\n\n<style type=\"text\/css\" data-created_by=\"avia_inline_auto\" id=\"style-css-av-3pqhgy-1ecc91fe4230735b196422703bd5170c\">\n#top .av-special-heading.av-3pqhgy-1ecc91fe4230735b196422703bd5170c{\npadding-bottom:20px;\nfont-size:40px;\n}\nbody .av-special-heading.av-3pqhgy-1ecc91fe4230735b196422703bd5170c .av-special-heading-tag .heading-char{\nfont-size:25px;\n}\n#top #wrap_all .av-special-heading.av-3pqhgy-1ecc91fe4230735b196422703bd5170c .av-special-heading-tag{\nfont-size:40px;\n}\n.av-special-heading.av-3pqhgy-1ecc91fe4230735b196422703bd5170c .av-subheading{\nfont-size:15px;\n}\n<\/style>\n<div  class='av-special-heading av-3pqhgy-1ecc91fe4230735b196422703bd5170c av-special-heading-h2 blockquote modern-quote  avia-builder-el-8  el_before_av_one_half  avia-builder-el-first  av-inherit-size'><h2 class='av-special-heading-tag'  itemprop=\"headline\"  >Kde sme<\/h2><div class=\"special-heading-border\"><div class=\"special-heading-inner-border\"><\/div><\/div><\/div>\n\n<style type=\"text\/css\" data-created_by=\"avia_inline_auto\" id=\"style-css-av-d0nmi-59bb93fe2fcfc1e3c76e5082dc1e5560\">\n.flex_column.av-d0nmi-59bb93fe2fcfc1e3c76e5082dc1e5560{\nborder-radius:0px 0px 0px 0px;\n-webkit-border-radius:0px 0px 0px 0px;\n-moz-border-radius:0px 0px 0px 0px;\n}\n<\/style>\n<div class='flex_column av-d0nmi-59bb93fe2fcfc1e3c76e5082dc1e5560 av_one_half  avia-builder-el-9  el_after_av_heading  el_before_av_one_half  first flex_column_div av-zero-column-padding '   ><style type=\"text\/css\" data-created_by=\"avia_inline_auto\" id=\"style-css-av-3brxne-0b40e345fccb3703675d28111e72130c\">\n.avia-image-container.av-3brxne-0b40e345fccb3703675d28111e72130c .av-image-caption-overlay-center{\ncolor:#ffffff;\n}\n<\/style>\n<div  class='avia-image-container av-3brxne-0b40e345fccb3703675d28111e72130c av-styling- avia-align-center  avia-builder-el-10  avia-builder-el-no-sibling '  itemprop=\"image\" itemscope=\"itemscope\" itemtype=\"https:\/\/schema.org\/ImageObject\" ><div class=\"avia-image-container-inner\"><div class=\"avia-image-overlay-wrap\"><img decoding=async  class='wp-image-4235 avia-img-lazy-loading-not-4235 avia_image' src=\"https:\/\/mlweun7hrkla.i.optimole.com\/CqG69Ok-ZOtj4kjU\/w:auto\/h:auto\/q:auto\/https:\/\/www.hainburgin.at\/wp-content\/uploads\/2018\/06\/IMG_20180620_141313-e1529569287676.jpg\" alt='' title='IMG_20180620_141313'  height=\"600\" width=\"1200\"  itemprop=\"thumbnailUrl\"  \/><\/div><\/div><\/div><\/div>\n<style type=\"text\/css\" data-created_by=\"avia_inline_auto\" id=\"style-css-av-37v47e-b50740f688ec31648480b7b1d6f9cba6\">\n.flex_column.av-37v47e-b50740f688ec31648480b7b1d6f9cba6{\nborder-radius:0px 0px 0px 0px;\n-webkit-border-radius:0px 0px 0px 0px;\n-moz-border-radius:0px 0px 0px 0px;\n}\n<\/style>\n<div class='flex_column av-37v47e-b50740f688ec31648480b7b1d6f9cba6 av_one_half  avia-builder-el-11  el_after_av_one_half  avia-builder-el-last  flex_column_div av-zero-column-padding '   ><section  class='av_textblock_section av-b7hy2-7885785222ba714c1fa53e316bc3af09'  itemscope=\"itemscope\" itemtype=\"https:\/\/schema.org\/CreativeWork\" ><div class='avia_textblock'  itemprop=\"text\" ><div class=\"desc-icon-box\">\n<div>Na\u0161e\u00a0<strong>\u0160koliace centrum<\/strong>\u00a0sa nach\u00e1dza pri Viedenskej br\u00e1ne na rohu hlavnej ulice Landstrasse a Hummelstrasse. Vchod je od Hummelstra\u00dfe 1. \u0160koliacie miestnosti sa nach\u00e1dzaj\u00fa na prvom poschod\u00ed (v b\u00fdvalom priestore Hilfswerk Hortu).<\/div>\n<\/div>\n<div>\n<p><strong>Dostanete sa ku n\u00e1m<\/strong><\/p>\n<ul>\n<li><strong>autobusovou l\u00ednkou 901 alebo Slovak Lines<\/strong>\u00a0\u2013 vyst\u00fapite na Hlavnom n\u00e1mesti pri mestskom kostole, potom p\u00f4jdete po hlavnej ceste 5 min\u00fat smerom na Viede\u0148, budova je hne\u010f za br\u00e1nou v\u013eavo.<\/li>\n<li><strong>autom \u2013<\/strong>\u00a0Hne\u010f za Viedenskou br\u00e1nou smer Viede\u0148 je V\u00e1m k dispoz\u00edcii ve\u013ek\u00e9 parkovisko, ktor\u00e9 je situovan\u00e9 hne\u010f oproti na\u0161ej budove<\/li>\n<\/ul>\n<\/div>\n<div>\n<div class=\"sc-heading article_heading\"><\/div>\n<\/div>\n<h4><\/h4>\n<\/div><\/section><\/div>\n\n<\/div><\/div><\/div><!-- close content main div --><\/div><div class='av-extra-border-element border-extra-arrow-down'><div class='av-extra-border-outer'><div class='av-extra-border-inner'><\/div><\/div><\/div><\/div><\/div><div id='av_section_3'  class='avia-section av-2wve2a-ac4525ad8f3727ae6006f6452950e669 main_color avia-section-large avia-no-border-styling  avia-builder-el-13  el_after_av_section  avia-builder-el-last  avia-bg-style-scroll container_wrap sidebar_right'  ><div class='container av-section-cont-open' ><div class='template-page content  av-content-small alpha units'><div class='post-entry post-entry-type-page post-entry-626'><div class='entry-content-wrapper clearfix'>\n\n<style type=\"text\/css\" data-created_by=\"avia_inline_auto\" id=\"style-css-av-8rff6-1e2ee51bc2e4760363ed477a7d7b2936\">\n#top .av-special-heading.av-8rff6-1e2ee51bc2e4760363ed477a7d7b2936{\npadding-bottom:20px;\nfont-size:40px;\n}\nbody .av-special-heading.av-8rff6-1e2ee51bc2e4760363ed477a7d7b2936 .av-special-heading-tag .heading-char{\nfont-size:25px;\n}\n#top #wrap_all .av-special-heading.av-8rff6-1e2ee51bc2e4760363ed477a7d7b2936 .av-special-heading-tag{\nfont-size:40px;\n}\n.av-special-heading.av-8rff6-1e2ee51bc2e4760363ed477a7d7b2936 .av-subheading{\nfont-size:15px;\n}\n<\/style>\n<div  class='av-special-heading av-8rff6-1e2ee51bc2e4760363ed477a7d7b2936 av-special-heading-h2 blockquote modern-quote  avia-builder-el-14  el_before_av_hr  avia-builder-el-first  av-inherit-size'><h2 class='av-special-heading-tag'  itemprop=\"headline\"  >N\u00e1\u0161 t\u00edm<\/h2><div class=\"special-heading-border\"><div class=\"special-heading-inner-border\"><\/div><\/div><\/div>\n\n<style type=\"text\/css\" data-created_by=\"avia_inline_auto\" id=\"style-css-av-2i7odm-3c67f01335e3fd624dc2d68b96315ce0\">\n#top .hr.av-2i7odm-3c67f01335e3fd624dc2d68b96315ce0{\nmargin-top:10px;\nmargin-bottom:10px;\n}\n.hr.av-2i7odm-3c67f01335e3fd624dc2d68b96315ce0 .hr-inner{\nwidth:50px;\nborder-color:#000000;\n}\n<\/style>\n<div  class='hr av-2i7odm-3c67f01335e3fd624dc2d68b96315ce0 hr-custom  avia-builder-el-15  el_after_av_heading  el_before_av_one_fifth  hr-left hr-icon-no'><span class='hr-inner inner-border-av-border-fat'><span class=\"hr-inner-style\"><\/span><\/span><\/div>\n\n<style type=\"text\/css\" data-created_by=\"avia_inline_auto\" id=\"style-css-av-av_one_fifth-abf61815a02831d116b1aaa4a1b0ed13\">\n.flex_column.av-av_one_fifth-abf61815a02831d116b1aaa4a1b0ed13{\nborder-radius:0px 0px 0px 0px;\n-webkit-border-radius:0px 0px 0px 0px;\n-moz-border-radius:0px 0px 0px 0px;\n}\n<\/style>\n<div class='flex_column av-av_one_fifth-abf61815a02831d116b1aaa4a1b0ed13 av_one_fifth  avia-builder-el-16  el_after_av_hr  el_before_av_one_fifth  first flex_column_div av-zero-column-padding '   ><\/div>\n<style type=\"text\/css\" data-created_by=\"avia_inline_auto\" id=\"style-css-av-av_one_fifth-bcbccfb99e46414d45aa0af1bd0708c7\">\n.flex_column.av-av_one_fifth-bcbccfb99e46414d45aa0af1bd0708c7{\nborder-radius:0px 0px 0px 0px;\n-webkit-border-radius:0px 0px 0px 0px;\n-moz-border-radius:0px 0px 0px 0px;\n}\n<\/style>\n<div class='flex_column av-av_one_fifth-bcbccfb99e46414d45aa0af1bd0708c7 av_one_fifth  avia-builder-el-17  el_after_av_one_fifth  el_before_av_one_fifth  flex_column_div av-zero-column-padding '   ><section  class='avia-team-member av-av_team_member-f9bad65f5cdc1b54b43d7241bbeaaed5  avia-builder-el-18  avia-builder-el-no-sibling '  itemscope=\"itemscope\" itemtype=\"https:\/\/schema.org\/Person\" ><div class=\"team-img-container\"><img decoding=async  class='wp-image-4943 avia-img-lazy-loading-not-4943 avia_image avia_image_team' src=\"https:\/\/mlweun7hrkla.i.optimole.com\/CqG69Ok-sPbshH0x\/w:200\/h:200\/q:auto\/https:\/\/www.hainburgin.at\/wp-content\/uploads\/2018\/08\/rasto-200x200.jpg\" alt='Rastislav Pavl\u00edk'  itemprop=\"image\"   height=\"200\" width=\"200\" \/><\/div><h3 class='team-member-name '  itemprop=\"name\" >Rastislav Pavl\u00edk<\/h3><div class='team-member-job-title '  itemprop=\"jobTitle\" >OBMANN, CO-FOUNDER<\/div><div class='team-member-description '  itemprop=\"description\" ><p>Ako chlapca z petr\u017ealsk\u00e9ho pohrani\u010dia ma in\u0161pirovala nem\u010dina, ktor\u00e1 pre m\u0148a predstavovala dotyk so slobodn\u00fdm svetom. Rozpr\u00e1vky a filmy na \u00d6RF a hitpar\u00e1dy na \u00d63 boli v tom \u010dase mojimi z\u00e1kladn\u00fdmi piliermi. \u0160kolsk\u00e1 nem\u010dina ma, ale nebavila. A\u017e ke\u010f som sa chcel dorozumie\u0165 s rovesn\u00edkmi vo Viedni som pochopil, pre\u010do je d\u00f4le\u017eit\u00e9 sa ju u\u010di\u0165. Tu za\u010dali moje kroky k intenzivnej\u0161iemu z\u00e1ujmu o nem\u010dinu.<\/p>\n<p>Dnes som r\u00e1d, \u017ee V\u00e1m m\u00f4\u017eeme prinies\u0165 jazykov\u00fa \u0161kolu v nemecky hovoriacom prostred\u00ed. Pre m\u0148a, ako aktu\u00e1lneho obecn\u00e9ho radcu v Hainburgu predstavuje jazykov\u00e1 \u0161kola pr\u00ednos k integr\u00e1cii nov\u00fdch obyvate\u013eov v Rak\u00fasku.<\/p>\n<p>\u0160tudoval som na Filozofick\u00fdch fakult\u00e1ch Univerzity Komensk\u00e9ho a Viedenskej univerzity. Bol som pri zalo\u017een\u00ed rodinn\u00e9ho port\u00e1lu www.rodinka.sk a darcovsk\u00e9ho port\u00e1lu www.ludialudom.sk. Pracoval som vo finan\u010dnej a telekomunika\u010dnej bran\u017ei.<\/p>\n<p>Profesne som sa venoval zav\u00e1dzaniu eGovernmentu (ako si vybavi\u0165 \u00faradne veci cez internet) a informatiz\u00e1cii vo verejnej spr\u00e1ve. Od roku 2014 \u0161kol\u00edm a propagujem eGovernment na Slovensku a v Rak\u00fasku.<\/p>\n<\/div><span class='hidden team-member-affiliation'  itemprop=\"affiliation\" >HAINBURG INstitut<\/span><\/section><\/div>\n<style type=\"text\/css\" data-created_by=\"avia_inline_auto\" id=\"style-css-av-av_one_fifth-bcbccfb99e46414d45aa0af1bd0708c7\">\n.flex_column.av-av_one_fifth-bcbccfb99e46414d45aa0af1bd0708c7{\nborder-radius:0px 0px 0px 0px;\n-webkit-border-radius:0px 0px 0px 0px;\n-moz-border-radius:0px 0px 0px 0px;\n}\n<\/style>\n<div class='flex_column av-av_one_fifth-bcbccfb99e46414d45aa0af1bd0708c7 av_one_fifth  avia-builder-el-19  el_after_av_one_fifth  el_before_av_one_fifth  flex_column_div av-zero-column-padding '   ><\/div>\n<style type=\"text\/css\" data-created_by=\"avia_inline_auto\" id=\"style-css-av-facze-002b149ec52f65fa5c3d570bb72844bb\">\n.flex_column.av-facze-002b149ec52f65fa5c3d570bb72844bb{\nborder-radius:0px 0px 0px 0px;\n-webkit-border-radius:0px 0px 0px 0px;\n-moz-border-radius:0px 0px 0px 0px;\n}\n<\/style>\n<div class='flex_column av-facze-002b149ec52f65fa5c3d570bb72844bb av_one_fifth  avia-builder-el-20  el_after_av_one_fifth  el_before_av_one_fifth  flex_column_div av-zero-column-padding '   ><section  class='avia-team-member av-9iml6-f90ddadf06bac4fc84e508ab4d74e508  avia-builder-el-21  avia-builder-el-no-sibling '  itemscope=\"itemscope\" itemtype=\"https:\/\/schema.org\/Person\" ><div class=\"team-img-container\"><img decoding=async  class='wp-image-4946 avia-img-lazy-loading-not-4946 avia_image avia_image_team' src=\"https:\/\/mlweun7hrkla.i.optimole.com\/CqG69Ok-3QujeQ-F\/w:200\/h:200\/q:auto\/https:\/\/www.hainburgin.at\/wp-content\/uploads\/2018\/08\/marek-1-200x200.jpg\" alt='Marek Machal'  itemprop=\"image\"   height=\"200\" width=\"200\" \/><\/div><h3 class='team-member-name '  itemprop=\"name\" >Marek Machal<\/h3><div class='team-member-job-title '  itemprop=\"jobTitle\" >OBMANN STELLVERTRETER, CO-FOUNDER<\/div><div class='team-member-description '  itemprop=\"description\" ><p>Spolu s na\u0161\u00edm t\u00edmom odborn\u00edkov s bohat\u00fdmi sk\u00fasenos\u0165ami nielen v oblasti jazykov\u00fdch kurzov V\u00e1m chceme pon\u00faknu\u0165 presne to, \u010do pre \u017eivot v Rak\u00fasku potrebujete.<\/p>\n<\/div><span class='hidden team-member-affiliation'  itemprop=\"affiliation\" >HAINBURG INstitut<\/span><\/section><\/div>\n<style type=\"text\/css\" data-created_by=\"avia_inline_auto\" id=\"style-css-av-qepsi-7a8d8fb87413fe1d19468d88d1a08361\">\n.flex_column.av-qepsi-7a8d8fb87413fe1d19468d88d1a08361{\nborder-radius:0px 0px 0px 0px;\n-webkit-border-radius:0px 0px 0px 0px;\n-moz-border-radius:0px 0px 0px 0px;\n}\n<\/style>\n<div class='flex_column av-qepsi-7a8d8fb87413fe1d19468d88d1a08361 av_one_fifth  avia-builder-el-22  el_after_av_one_fifth  avia-builder-el-last  flex_column_div av-zero-column-padding '   ><\/div><\/div><\/div><\/div><!-- close content main div --><\/div><\/div><div id='after_section_3'  class='main_color av_default_container_wrap container_wrap sidebar_right'  ><div class='container av-section-cont-open' ><div class='template-page content  av-content-small alpha units'><div class='post-entry post-entry-type-page post-entry-626'><div class='entry-content-wrapper clearfix'>\n","protected":false},"excerpt":{"rendered":"","protected":false},"author":1,"featured_media":0,"parent":0,"menu_order":0,"comment_status":"closed","ping_status":"closed","template":"","meta":[],"_links":{"self":[{"href":"https:\/\/www.hainburgin.at\/sk\/wp-json\/wp\/v2\/pages\/626"}],"collection":[{"href":"https:\/\/www.hainburgin.at\/sk\/wp-json\/wp\/v2\/pages"}],"about":[{"href":"https:\/\/www.hainburgin.at\/sk\/wp-json\/wp\/v2\/types\/page"}],"author":[{"embeddable":true,"href":"https:\/\/www.hainburgin.at\/sk\/wp-json\/wp\/v2\/users\/1"}],"replies":[{"embeddable":true,"href":"https:\/\/www.hainburgin.at\/sk\/wp-json\/wp\/v2\/comments?post=626"}],"version-history":[{"count":33,"href":"https:\/\/www.hainburgin.at\/sk\/wp-json\/wp\/v2\/pages\/626\/revisions"}],"predecessor-version":[{"id":7643,"href":"https:\/\/www.hainburgin.at\/sk\/wp-json\/wp\/v2\/pages\/626\/revisions\/7643"}],"wp:attachment":[{"href":"https:\/\/www.hainburgin.at\/sk\/wp-json\/wp\/v2\/media?parent=626"}],"curies":[{"name":"wp","href":"https:\/\/api.w.org\/{rel}","templated":true}]}}